{"id":13508,"date":"2024-05-24T10:47:21","date_gmt":"2024-05-24T08:47:21","guid":{"rendered":"https:\/\/veba.nl\/?page_id=13508"},"modified":"2026-03-19T09:09:47","modified_gmt":"2026-03-19T08:09:47","slug":"feros","status":"publish","type":"page","link":"https:\/\/veba.nl\/fr\/feros\/","title":{"rendered":"FEROS - Mobilier pour l'h\u00f4tellerie et les \u00e9v\u00e9nements"},"content":{"rendered":"","protected":false},"excerpt":{"rendered":"","protected":false},"author":1,"featured_media":0,"parent":0,"menu_order":0,"comment_status":"closed","ping_status":"closed","template":"","meta":{"_seopress_robots_primary_cat":"","_seopress_titles_title":"FEROS - Horeca- en evenementenmeubilair","_seopress_titles_desc":"Een breed scala aan unieke producten voor binnen- en buitengebruik in horeca- of eventgelegenheden.","_seopress_robots_index":"","footnotes":""},"class_list":["post-13508","page","type-page","status-publish","hentry"],"meta_box":[],"_links":{"self":[{"href":"https:\/\/veba.nl\/fr\/wp-json\/wp\/v2\/pages\/13508","targetHints":{"allow":["GET"]}}],"collection":[{"href":"https:\/\/veba.nl\/fr\/wp-json\/wp\/v2\/pages"}],"about":[{"href":"https:\/\/veba.nl\/fr\/wp-json\/wp\/v2\/types\/page"}],"author":[{"embeddable":true,"href":"https:\/\/veba.nl\/fr\/wp-json\/wp\/v2\/users\/1"}],"replies":[{"embeddable":true,"href":"https:\/\/veba.nl\/fr\/wp-json\/wp\/v2\/comments?post=13508"}],"version-history":[{"count":4,"href":"https:\/\/veba.nl\/fr\/wp-json\/wp\/v2\/pages\/13508\/revisions"}],"predecessor-version":[{"id":18917,"href":"https:\/\/veba.nl\/fr\/wp-json\/wp\/v2\/pages\/13508\/revisions\/18917"}],"wp:attachment":[{"href":"https:\/\/veba.nl\/fr\/wp-json\/wp\/v2\/media?parent=13508"}],"curies":[{"name":"wp","href":"https:\/\/api.w.org\/{rel}","templated":true}]}}