{"id":31,"date":"2021-07-08T09:01:33","date_gmt":"2021-07-08T07:01:33","guid":{"rendered":"https:\/\/veba.loeihard.dev\/?page_id=31"},"modified":"2022-05-02T08:27:07","modified_gmt":"2022-05-02T06:27:07","slug":"production","status":"publish","type":"page","link":"https:\/\/veba.nl\/fr\/productie\/","title":{"rendered":"Le processus de production"},"content":{"rendered":"<p>VEBA aspire au progr\u00e8s et \u00e0 l'innovation. Nous investissons dans des machines sur nos sites de production afin qu'ensemble nous puissions continuer \u00e0 am\u00e9liorer le processus, d\u00e9velopper de nouveaux produits et garder le contr\u00f4le sur tous les aspects du processus de production.<\/p>","protected":false},"excerpt":{"rendered":"<p>VEBA aspire au progr\u00e8s et \u00e0 l'innovation. Nous investissons dans des machines sur nos sites de production afin qu'ensemble nous puissions continuer \u00e0 am\u00e9liorer le processus, d\u00e9velopper de nouveaux produits et garder le contr\u00f4le sur tous les aspects du processus de production.<\/p>","protected":false},"author":2,"featured_media":3555,"parent":0,"menu_order":0,"comment_status":"closed","ping_status":"closed","template":"","meta":{"_seopress_robots_primary_cat":"","_seopress_titles_title":"Productieproces - VEBA","_seopress_titles_desc":"VEBA streeft naar vooruitgang en innovatie. We investeren in machines op onze productielocaties waardoor we samen het proces kunnen blijven verbeteren, nieuwe producten kunnen ontwikkelen en de controle houden over alle aspecten van het productieproces.","_seopress_robots_index":"","footnotes":""},"class_list":["post-31","page","type-page","status-publish","has-post-thumbnail","hentry"],"meta_box":[],"_links":{"self":[{"href":"https:\/\/veba.nl\/fr\/wp-json\/wp\/v2\/pages\/31","targetHints":{"allow":["GET"]}}],"collection":[{"href":"https:\/\/veba.nl\/fr\/wp-json\/wp\/v2\/pages"}],"about":[{"href":"https:\/\/veba.nl\/fr\/wp-json\/wp\/v2\/types\/page"}],"author":[{"embeddable":true,"href":"https:\/\/veba.nl\/fr\/wp-json\/wp\/v2\/users\/2"}],"replies":[{"embeddable":true,"href":"https:\/\/veba.nl\/fr\/wp-json\/wp\/v2\/comments?post=31"}],"version-history":[{"count":0,"href":"https:\/\/veba.nl\/fr\/wp-json\/wp\/v2\/pages\/31\/revisions"}],"wp:featuredmedia":[{"embeddable":true,"href":"https:\/\/veba.nl\/fr\/wp-json\/wp\/v2\/media\/3555"}],"wp:attachment":[{"href":"https:\/\/veba.nl\/fr\/wp-json\/wp\/v2\/media?parent=31"}],"curies":[{"name":"wp","href":"https:\/\/api.w.org\/{rel}","templated":true}]}}