{"id":33,"date":"2021-07-08T09:01:45","date_gmt":"2021-07-08T07:01:45","guid":{"rendered":"https:\/\/veba.loeihard.dev\/?page_id=33"},"modified":"2024-04-05T14:34:17","modified_gmt":"2024-04-05T12:34:17","slug":"distribution","status":"publish","type":"page","link":"https:\/\/veba.nl\/fr\/distributie\/","title":{"rendered":"Distribution"},"content":{"rendered":"<p>Chaque jour, nous travaillons dur pour soulager nos partenaires commerciaux. Nous le faisons en offrant diverses m\u00e9thodes de distribution. Un processus a \u00e9t\u00e9 d\u00e9velopp\u00e9 pour chaque m\u00e9thode de distribution afin que nous puissions contr\u00f4ler et suivre en permanence les livraisons. <\/p>","protected":false},"excerpt":{"rendered":"<p>Chaque jour, nous travaillons dur pour soulager nos partenaires commerciaux. Nous le faisons en offrant diverses m\u00e9thodes de distribution. Un processus a \u00e9t\u00e9 d\u00e9velopp\u00e9 pour chaque m\u00e9thode de distribution afin que nous puissions contr\u00f4ler et suivre en permanence les livraisons.<\/p>","protected":false},"author":3,"featured_media":10146,"parent":0,"menu_order":0,"comment_status":"closed","ping_status":"closed","template":"","meta":{"_seopress_robots_primary_cat":"","_seopress_titles_title":"Distributieproces - VEBA","_seopress_titles_desc":"Iedere dag maken wij ons hard om onze verkooppartners te ontzorgen. Dit doen we door verschillende distributiemogelijkheden aan te bieden. Voor elke distributie methode is een proces ontwikkeld zodat we continu een overzicht hebben van de levering.","_seopress_robots_index":"","footnotes":""},"class_list":["post-33","page","type-page","status-publish","has-post-thumbnail","hentry"],"meta_box":[],"_links":{"self":[{"href":"https:\/\/veba.nl\/fr\/wp-json\/wp\/v2\/pages\/33","targetHints":{"allow":["GET"]}}],"collection":[{"href":"https:\/\/veba.nl\/fr\/wp-json\/wp\/v2\/pages"}],"about":[{"href":"https:\/\/veba.nl\/fr\/wp-json\/wp\/v2\/types\/page"}],"author":[{"embeddable":true,"href":"https:\/\/veba.nl\/fr\/wp-json\/wp\/v2\/users\/3"}],"replies":[{"embeddable":true,"href":"https:\/\/veba.nl\/fr\/wp-json\/wp\/v2\/comments?post=33"}],"version-history":[{"count":1,"href":"https:\/\/veba.nl\/fr\/wp-json\/wp\/v2\/pages\/33\/revisions"}],"predecessor-version":[{"id":10147,"href":"https:\/\/veba.nl\/fr\/wp-json\/wp\/v2\/pages\/33\/revisions\/10147"}],"wp:featuredmedia":[{"embeddable":true,"href":"https:\/\/veba.nl\/fr\/wp-json\/wp\/v2\/media\/10146"}],"wp:attachment":[{"href":"https:\/\/veba.nl\/fr\/wp-json\/wp\/v2\/media?parent=33"}],"curies":[{"name":"wp","href":"https:\/\/api.w.org\/{rel}","templated":true}]}}