{"id":35,"date":"2021-07-08T09:01:57","date_gmt":"2021-07-08T07:01:57","guid":{"rendered":"https:\/\/veba.loeihard.dev\/?page_id=35"},"modified":"2024-11-19T13:46:02","modified_gmt":"2024-11-19T12:46:02","slug":"nos-marques","status":"publish","type":"page","link":"https:\/\/veba.nl\/fr\/assortiment\/","title":{"rendered":"Nos marques"},"content":{"rendered":"<p>Nous avons diff\u00e9rentes marques, chacune avec leur propre gamme. Du mobilier d'int\u00e9rieur et d'ext\u00e9rieur aux produits du secteur de l'h\u00f4tellerie. Nous livrons de nombreux produits.<\/p>","protected":false},"excerpt":{"rendered":"<p>Nous avons diff\u00e9rentes marques, chacune avec leur propre gamme. Du mobilier d'int\u00e9rieur et d'ext\u00e9rieur aux produits du secteur de l'h\u00f4tellerie. Nous livrons de nombreux produits.<\/p>","protected":false},"author":2,"featured_media":8770,"parent":0,"menu_order":0,"comment_status":"closed","ping_status":"closed","template":"","meta":{"_seopress_robots_primary_cat":"","_seopress_titles_title":"Assortiment - VEBA","_seopress_titles_desc":"Wij hebben verschillende merken met allen een bijpassend assortiment. Van outdoor- en living meubilair tot producten in de hospitality sector. Wij leveren het.","_seopress_robots_index":"","footnotes":""},"class_list":["post-35","page","type-page","status-publish","has-post-thumbnail","hentry"],"meta_box":[],"_links":{"self":[{"href":"https:\/\/veba.nl\/fr\/wp-json\/wp\/v2\/pages\/35","targetHints":{"allow":["GET"]}}],"collection":[{"href":"https:\/\/veba.nl\/fr\/wp-json\/wp\/v2\/pages"}],"about":[{"href":"https:\/\/veba.nl\/fr\/wp-json\/wp\/v2\/types\/page"}],"author":[{"embeddable":true,"href":"https:\/\/veba.nl\/fr\/wp-json\/wp\/v2\/users\/2"}],"replies":[{"embeddable":true,"href":"https:\/\/veba.nl\/fr\/wp-json\/wp\/v2\/comments?post=35"}],"version-history":[{"count":2,"href":"https:\/\/veba.nl\/fr\/wp-json\/wp\/v2\/pages\/35\/revisions"}],"predecessor-version":[{"id":15502,"href":"https:\/\/veba.nl\/fr\/wp-json\/wp\/v2\/pages\/35\/revisions\/15502"}],"wp:featuredmedia":[{"embeddable":true,"href":"https:\/\/veba.nl\/fr\/wp-json\/wp\/v2\/media\/8770"}],"wp:attachment":[{"href":"https:\/\/veba.nl\/fr\/wp-json\/wp\/v2\/media?parent=35"}],"curies":[{"name":"wp","href":"https:\/\/api.w.org\/{rel}","templated":true}]}}